{"id":5382,"date":"2025-05-16T02:30:12","date_gmt":"2025-05-16T02:30:12","guid":{"rendered":"https:\/\/www.uniquewines.mx\/our-brands\/spain\/rias-del-mar\/"},"modified":"2025-08-02T06:03:13","modified_gmt":"2025-08-02T06:03:13","slug":"rias-del-mar","status":"publish","type":"page","link":"https:\/\/www.uniquewines.mx\/en\/our-brands\/spain\/rias-del-mar\/","title":{"rendered":"Rias Del Mar"},"content":{"rendered":"\t\t<div data-elementor-type=\"wp-page\" data-elementor-id=\"5382\" class=\"elementor elementor-5382 elementor-897\" data-elementor-post-type=\"page\">\n\t\t\t\t\t\t<section class=\"elementor-section elementor-top-section elementor-element elementor-element-3c6455c8 elementor-section-boxed elementor-section-height-default elementor-section-height-default\" data-id=\"3c6455c8\" data-element_type=\"section\" data-e-type=\"section\">\n\t\t\t\t\t\t<div class=\"elementor-container elementor-column-gap-default\">\n\t\t\t\t\t<div class=\"elementor-column elementor-col-100 elementor-top-column elementor-element elementor-element-40d58687\" data-id=\"40d58687\" data-element_type=\"column\" data-e-type=\"column\">\n\t\t\t<div class=\"elementor-widget-wrap elementor-element-populated\">\n\t\t\t\t\t\t<section class=\"elementor-section elementor-inner-section elementor-element elementor-element-32f62e25 elementor-section-height-min-height elementor-section-content-middle elementor-section-boxed elementor-section-height-default\" data-id=\"32f62e25\" data-element_type=\"section\" data-e-type=\"section\" data-settings=\"{&quot;background_background&quot;:&quot;classic&quot;,&quot;background_motion_fx_motion_fx_scrolling&quot;:&quot;yes&quot;,&quot;background_motion_fx_devices&quot;:[&quot;desktop&quot;,&quot;laptop&quot;,&quot;tablet&quot;,&quot;mobile&quot;]}\">\n\t\t\t\t\t\t\t<div class=\"elementor-background-overlay\"><\/div>\n\t\t\t\t\t\t\t<div class=\"elementor-container elementor-column-gap-default\">\n\t\t\t\t\t<div class=\"elementor-column elementor-col-100 elementor-inner-column elementor-element elementor-element-bb7a2d2\" data-id=\"bb7a2d2\" data-element_type=\"column\" data-e-type=\"column\">\n\t\t\t<div class=\"elementor-widget-wrap elementor-element-populated\">\n\t\t\t\t\t\t<div class=\"elementor-element elementor-element-616b3044 elementor-widget elementor-widget-heading\" data-id=\"616b3044\" data-element_type=\"widget\" data-e-type=\"widget\" data-settings=\"{&quot;motion_fx_motion_fx_scrolling&quot;:&quot;yes&quot;,&quot;motion_fx_devices&quot;:[&quot;desktop&quot;,&quot;laptop&quot;,&quot;tablet&quot;,&quot;mobile&quot;]}\" data-widget_type=\"heading.default\">\n\t\t\t\t<div class=\"elementor-widget-container\">\n\t\t\t\t\t<h4 class=\"elementor-heading-title elementor-size-default\">WINES from Spain<\/h4>\t\t\t\t<\/div>\n\t\t\t\t<\/div>\n\t\t\t\t<div class=\"elementor-element elementor-element-4078bd67 elementor-widget elementor-widget-heading\" data-id=\"4078bd67\" data-element_type=\"widget\" data-e-type=\"widget\" data-widget_type=\"heading.default\">\n\t\t\t\t<div class=\"elementor-widget-container\">\n\t\t\t\t\t<h2 class=\"elementor-heading-title elementor-size-default\">Rias del mar<\/h2>\t\t\t\t<\/div>\n\t\t\t\t<\/div>\n\t\t\t\t\t<\/div>\n\t\t<\/div>\n\t\t\t\t\t<\/div>\n\t\t<\/section>\n\t\t\t\t\t<\/div>\n\t\t<\/div>\n\t\t\t\t\t<\/div>\n\t\t<\/section>\n\t\t<div class=\"elementor-element elementor-element-0b4072d e-flex e-con-boxed e-con e-parent\" data-id=\"0b4072d\" data-element_type=\"container\" data-e-type=\"container\">\n\t\t\t\t\t<div class=\"e-con-inner\">\n\t\t<div class=\"elementor-element elementor-element-dd960a3 e-con-full e-flex e-con e-child\" data-id=\"dd960a3\" data-element_type=\"container\" data-e-type=\"container\">\n\t\t<div class=\"elementor-element elementor-element-f9387e0 e-con-full e-flex e-con e-child\" data-id=\"f9387e0\" data-element_type=\"container\" data-e-type=\"container\">\n\t\t\t\t<div class=\"elementor-element elementor-element-83fb99d elementor-widget elementor-widget-image\" data-id=\"83fb99d\" data-element_type=\"widget\" data-e-type=\"widget\" data-widget_type=\"image.default\">\n\t\t\t\t<div class=\"elementor-widget-container\">\n\t\t\t\t\t\t\t\t\t\t\t\t\t\t\t<img fetchpriority=\"high\" decoding=\"async\" width=\"800\" height=\"391\" src=\"https:\/\/www.uniquewines.mx\/wp-content\/uploads\/2025\/03\/logo-RIAS-1024x500.jpg\" class=\"attachment-large size-large wp-image-4493\" alt=\"\" srcset=\"https:\/\/www.uniquewines.mx\/wp-content\/uploads\/2025\/03\/logo-RIAS-1024x500.jpg 1024w, https:\/\/www.uniquewines.mx\/wp-content\/uploads\/2025\/03\/logo-RIAS-300x147.jpg 300w, https:\/\/www.uniquewines.mx\/wp-content\/uploads\/2025\/03\/logo-RIAS-768x375.jpg 768w, https:\/\/www.uniquewines.mx\/wp-content\/uploads\/2025\/03\/logo-RIAS-1536x750.jpg 1536w, https:\/\/www.uniquewines.mx\/wp-content\/uploads\/2025\/03\/logo-RIAS-600x293.jpg 600w, https:\/\/www.uniquewines.mx\/wp-content\/uploads\/2025\/03\/logo-RIAS.jpg 1920w\" sizes=\"(max-width: 800px) 100vw, 800px\" \/>\t\t\t\t\t\t\t\t\t\t\t\t\t\t\t<\/div>\n\t\t\t\t<\/div>\n\t\t\t\t<\/div>\n\t\t<div class=\"elementor-element elementor-element-2939b85 e-con-full e-flex e-con e-child\" data-id=\"2939b85\" data-element_type=\"container\" data-e-type=\"container\">\n\t\t\t\t<div class=\"elementor-element elementor-element-0b0b8a0 elementor-widget elementor-widget-text-editor\" data-id=\"0b0b8a0\" data-element_type=\"widget\" data-e-type=\"widget\" data-widget_type=\"text-editor.default\">\n\t\t\t\t<div class=\"elementor-widget-container\">\n\t\t\t\t\t\t\t\t\t<p>To the south of the province of Pontevedra, on this hill, overlooking the Mi\u00f1o River and close to the Atlantic Ocean, is the Rias del Mar Winery. It is the largest single-piece R\u00edas Baixas vineyard, with 94 hectares of enormous biodiversity facing south on the slope of Monte Galeno, in Tomi\u00f1o-O Rosal. The granitic, sandy, and very permeable soil allows us to obtain very fine wines capable of highlighting varietal aromas to the maximum.  <\/p><p>The Atlantic climate, with mild temperatures during the summer that favor slow and delicate ripening, in addition to the conservation of fruity aromas. The name R\u00cdAS DEL MAR comes from the meaning of the estuaries that are the entrances of the sea towards the land. <\/p>\t\t\t\t\t\t\t\t<\/div>\n\t\t\t\t<\/div>\n\t\t\t\t<div class=\"elementor-element elementor-element-88a1a9f elementor-hidden-desktop elementor-hidden-laptop elementor-hidden-tablet elementor-hidden-mobile elementor-widget elementor-widget-button\" data-id=\"88a1a9f\" data-element_type=\"widget\" data-e-type=\"widget\" data-widget_type=\"button.default\">\n\t\t\t\t<div class=\"elementor-widget-container\">\n\t\t\t\t\t\t\t\t\t<div class=\"elementor-button-wrapper\">\n\t\t\t\t\t<a class=\"elementor-button elementor-button-link elementor-size-md\" href=\"#\" target=\"_blank\">\n\t\t\t\t\t\t<span class=\"elementor-button-content-wrapper\">\n\t\t\t\t\t\t<span class=\"elementor-button-icon\">\n\t\t\t\t<svg aria-hidden=\"true\" class=\"e-font-icon-svg e-far-file-pdf\" viewBox=\"0 0 384 512\" xmlns=\"http:\/\/www.w3.org\/2000\/svg\"><path d=\"M369.9 97.9L286 14C277 5 264.8-.1 252.1-.1H48C21.5 0 0 21.5 0 48v416c0 26.5 21.5 48 48 48h288c26.5 0 48-21.5 48-48V131.9c0-12.7-5.1-25-14.1-34zM332.1 128H256V51.9l76.1 76.1zM48 464V48h160v104c0 13.3 10.7 24 24 24h104v288H48zm250.2-143.7c-12.2-12-47-8.7-64.4-6.5-17.2-10.5-28.7-25-36.8-46.3 3.9-16.1 10.1-40.6 5.4-56-4.2-26.2-37.8-23.6-42.6-5.9-4.4 16.1-.4 38.5 7 67.1-10 23.9-24.9 56-35.4 74.4-20 10.3-47 26.2-51 46.2-3.3 15.8 26 55.2 76.1-31.2 22.4-7.4 46.8-16.5 68.4-20.1 18.9 10.2 41 17 55.8 17 25.5 0 28-28.2 17.5-38.7zm-198.1 77.8c5.1-13.7 24.5-29.5 30.4-35-19 30.3-30.4 35.7-30.4 35zm81.6-190.6c7.4 0 6.7 32.1 1.8 40.8-4.4-13.9-4.3-40.8-1.8-40.8zm-24.4 136.6c9.7-16.9 18-37 24.7-54.7 8.3 15.1 18.9 27.2 30.1 35.5-20.8 4.3-38.9 13.1-54.8 19.2zm131.6-5s-5 6-37.3-7.8c35.1-2.6 40.9 5.4 37.3 7.8z\"><\/path><\/svg>\t\t\t<\/span>\n\t\t\t\t\t\t\t\t\t<span class=\"elementor-button-text\">Download Brand Presentation<\/span>\n\t\t\t\t\t<\/span>\n\t\t\t\t\t<\/a>\n\t\t\t\t<\/div>\n\t\t\t\t\t\t\t\t<\/div>\n\t\t\t\t<\/div>\n\t\t\t\t<div class=\"elementor-element elementor-element-2aa2b63 elementor-widget elementor-widget-button\" data-id=\"2aa2b63\" data-element_type=\"widget\" data-e-type=\"widget\" data-widget_type=\"button.default\">\n\t\t\t\t<div class=\"elementor-widget-container\">\n\t\t\t\t\t\t\t\t\t<div class=\"elementor-button-wrapper\">\n\t\t\t\t\t<a class=\"elementor-button elementor-button-link elementor-size-md\" href=\"https:\/\/www.uniquewines.mx\/wp-content\/uploads\/2025\/05\/Rias_del_Mar_Albarino-Logotipos.zip\" target=\"_blank\">\n\t\t\t\t\t\t<span class=\"elementor-button-content-wrapper\">\n\t\t\t\t\t\t<span class=\"elementor-button-icon\">\n\t\t\t\t<svg aria-hidden=\"true\" class=\"e-font-icon-svg e-far-file-pdf\" viewBox=\"0 0 384 512\" xmlns=\"http:\/\/www.w3.org\/2000\/svg\"><path d=\"M369.9 97.9L286 14C277 5 264.8-.1 252.1-.1H48C21.5 0 0 21.5 0 48v416c0 26.5 21.5 48 48 48h288c26.5 0 48-21.5 48-48V131.9c0-12.7-5.1-25-14.1-34zM332.1 128H256V51.9l76.1 76.1zM48 464V48h160v104c0 13.3 10.7 24 24 24h104v288H48zm250.2-143.7c-12.2-12-47-8.7-64.4-6.5-17.2-10.5-28.7-25-36.8-46.3 3.9-16.1 10.1-40.6 5.4-56-4.2-26.2-37.8-23.6-42.6-5.9-4.4 16.1-.4 38.5 7 67.1-10 23.9-24.9 56-35.4 74.4-20 10.3-47 26.2-51 46.2-3.3 15.8 26 55.2 76.1-31.2 22.4-7.4 46.8-16.5 68.4-20.1 18.9 10.2 41 17 55.8 17 25.5 0 28-28.2 17.5-38.7zm-198.1 77.8c5.1-13.7 24.5-29.5 30.4-35-19 30.3-30.4 35.7-30.4 35zm81.6-190.6c7.4 0 6.7 32.1 1.8 40.8-4.4-13.9-4.3-40.8-1.8-40.8zm-24.4 136.6c9.7-16.9 18-37 24.7-54.7 8.3 15.1 18.9 27.2 30.1 35.5-20.8 4.3-38.9 13.1-54.8 19.2zm131.6-5s-5 6-37.3-7.8c35.1-2.6 40.9 5.4 37.3 7.8z\"><\/path><\/svg>\t\t\t<\/span>\n\t\t\t\t\t\t\t\t\t<span class=\"elementor-button-text\">Download Logos<\/span>\n\t\t\t\t\t<\/span>\n\t\t\t\t\t<\/a>\n\t\t\t\t<\/div>\n\t\t\t\t\t\t\t\t<\/div>\n\t\t\t\t<\/div>\n\t\t\t\t<\/div>\n\t\t\t\t<\/div>\n\t\t\t\t<div class=\"elementor-element elementor-element-b7ef75e elementor-arrows-position-inside elementor-widget elementor-widget-image-carousel\" data-id=\"b7ef75e\" data-element_type=\"widget\" data-e-type=\"widget\" data-settings=\"{&quot;slides_to_show&quot;:&quot;3&quot;,&quot;navigation&quot;:&quot;arrows&quot;,&quot;lazyload&quot;:&quot;yes&quot;,&quot;autoplay&quot;:&quot;yes&quot;,&quot;pause_on_hover&quot;:&quot;yes&quot;,&quot;pause_on_interaction&quot;:&quot;yes&quot;,&quot;autoplay_speed&quot;:5000,&quot;infinite&quot;:&quot;yes&quot;,&quot;speed&quot;:500}\" data-widget_type=\"image-carousel.default\">\n\t\t\t\t<div class=\"elementor-widget-container\">\n\t\t\t\t\t\t\t<div class=\"elementor-image-carousel-wrapper swiper\" role=\"region\" aria-roledescription=\"carousel\" aria-label=\"Carrusel de Im\u00e1genes\" dir=\"ltr\">\n\t\t\t<div class=\"elementor-image-carousel swiper-wrapper\" aria-live=\"off\">\n\t\t\t\t\t\t\t\t<div class=\"swiper-slide\" role=\"group\" aria-roledescription=\"slide\" aria-label=\"1 of 5\"><a data-elementor-open-lightbox=\"yes\" data-elementor-lightbox-slideshow=\"b7ef75e\" data-elementor-lightbox-title=\"07\" data-e-action-hash=\"#elementor-action%3Aaction%3Dlightbox%26settings%3DeyJpZCI6NDYxOCwidXJsIjoiaHR0cHM6XC9cL3d3dy51bmlxdWV3aW5lcy5teFwvd3AtY29udGVudFwvdXBsb2Fkc1wvMjAyNVwvMDZcLzA3LmpwZyIsInNsaWRlc2hvdyI6ImI3ZWY3NWUifQ%3D%3D\" href=\"https:\/\/www.uniquewines.mx\/wp-content\/uploads\/2025\/06\/07.jpg\"><figure class=\"swiper-slide-inner\"><img class=\"swiper-slide-image swiper-lazy\" data-src=\"https:\/\/www.uniquewines.mx\/wp-content\/uploads\/elementor\/thumbs\/07-r6qpj9qpvqbox9bos35hipknz3ufzcocxeqyaio1oo.jpg\" alt=\"07\" \/><div class=\"swiper-lazy-preloader\"><\/div><\/figure><\/a><\/div><div class=\"swiper-slide\" role=\"group\" aria-roledescription=\"slide\" aria-label=\"2 of 5\"><a data-elementor-open-lightbox=\"yes\" data-elementor-lightbox-slideshow=\"b7ef75e\" data-elementor-lightbox-title=\"08\" data-e-action-hash=\"#elementor-action%3Aaction%3Dlightbox%26settings%3DeyJpZCI6NDYxOSwidXJsIjoiaHR0cHM6XC9cL3d3dy51bmlxdWV3aW5lcy5teFwvd3AtY29udGVudFwvdXBsb2Fkc1wvMjAyNVwvMDZcLzA4LmpwZyIsInNsaWRlc2hvdyI6ImI3ZWY3NWUifQ%3D%3D\" href=\"https:\/\/www.uniquewines.mx\/wp-content\/uploads\/2025\/06\/08.jpg\"><figure class=\"swiper-slide-inner\"><img class=\"swiper-slide-image swiper-lazy\" data-src=\"https:\/\/www.uniquewines.mx\/wp-content\/uploads\/elementor\/thumbs\/08-r6qpkoi04s96c79yjp3c9crk1ww9j09v4dz67gksco.jpg\" alt=\"08\" \/><div class=\"swiper-lazy-preloader\"><\/div><\/figure><\/a><\/div><div class=\"swiper-slide\" role=\"group\" aria-roledescription=\"slide\" aria-label=\"3 of 5\"><a data-elementor-open-lightbox=\"yes\" data-elementor-lightbox-slideshow=\"b7ef75e\" data-elementor-lightbox-title=\"04\" data-e-action-hash=\"#elementor-action%3Aaction%3Dlightbox%26settings%3DeyJpZCI6NDYyOCwidXJsIjoiaHR0cHM6XC9cL3d3dy51bmlxdWV3aW5lcy5teFwvd3AtY29udGVudFwvdXBsb2Fkc1wvMjAyNVwvMDZcLzA0LmpwZyIsInNsaWRlc2hvdyI6ImI3ZWY3NWUifQ%3D%3D\" href=\"https:\/\/www.uniquewines.mx\/wp-content\/uploads\/2025\/06\/04.jpg\"><figure class=\"swiper-slide-inner\"><img class=\"swiper-slide-image swiper-lazy\" data-src=\"https:\/\/www.uniquewines.mx\/wp-content\/uploads\/elementor\/thumbs\/04-r6qrxru0tuqnddoanz8hhdqs0nhhcl335k2l88er2g.jpg\" alt=\"04\" \/><div class=\"swiper-lazy-preloader\"><\/div><\/figure><\/a><\/div><div class=\"swiper-slide\" role=\"group\" aria-roledescription=\"slide\" aria-label=\"4 of 5\"><a data-elementor-open-lightbox=\"yes\" data-elementor-lightbox-slideshow=\"b7ef75e\" data-elementor-lightbox-title=\"03\" data-e-action-hash=\"#elementor-action%3Aaction%3Dlightbox%26settings%3DeyJpZCI6NDYyNywidXJsIjoiaHR0cHM6XC9cL3d3dy51bmlxdWV3aW5lcy5teFwvd3AtY29udGVudFwvdXBsb2Fkc1wvMjAyNVwvMDZcLzAzLmpwZyIsInNsaWRlc2hvdyI6ImI3ZWY3NWUifQ%3D%3D\" href=\"https:\/\/www.uniquewines.mx\/wp-content\/uploads\/2025\/06\/03.jpg\"><figure class=\"swiper-slide-inner\"><img class=\"swiper-slide-image swiper-lazy\" data-src=\"https:\/\/www.uniquewines.mx\/wp-content\/uploads\/elementor\/thumbs\/03-r6qrxpycg6o2q5r0yyf8ce7utvqqx6vmharm9ohjew.jpg\" alt=\"03\" \/><div class=\"swiper-lazy-preloader\"><\/div><\/figure><\/a><\/div><div class=\"swiper-slide\" role=\"group\" aria-roledescription=\"slide\" aria-label=\"5 of 5\"><a data-elementor-open-lightbox=\"yes\" data-elementor-lightbox-slideshow=\"b7ef75e\" data-elementor-lightbox-title=\"06\" data-e-action-hash=\"#elementor-action%3Aaction%3Dlightbox%26settings%3DeyJpZCI6NDYzMCwidXJsIjoiaHR0cHM6XC9cL3d3dy51bmlxdWV3aW5lcy5teFwvd3AtY29udGVudFwvdXBsb2Fkc1wvMjAyNVwvMDZcLzA2LmpwZyIsInNsaWRlc2hvdyI6ImI3ZWY3NWUifQ%3D%3D\" href=\"https:\/\/www.uniquewines.mx\/wp-content\/uploads\/2025\/06\/06.jpg\"><figure class=\"swiper-slide-inner\"><img class=\"swiper-slide-image swiper-lazy\" data-src=\"https:\/\/www.uniquewines.mx\/wp-content\/uploads\/elementor\/thumbs\/06-r6qrxunjecuic7k77igd6v15st3kzoea5y11o2akjs.jpg\" alt=\"06\" \/><div class=\"swiper-lazy-preloader\"><\/div><\/figure><\/a><\/div>\t\t\t<\/div>\n\t\t\t\t\t\t\t\t\t\t\t\t<div class=\"elementor-swiper-button elementor-swiper-button-prev\" role=\"button\" tabindex=\"0\">\n\t\t\t\t\t\t<svg aria-hidden=\"true\" class=\"e-font-icon-svg e-eicon-chevron-left\" viewBox=\"0 0 1000 1000\" xmlns=\"http:\/\/www.w3.org\/2000\/svg\"><path d=\"M646 125C629 125 613 133 604 142L308 442C296 454 292 471 292 487 292 504 296 521 308 533L604 854C617 867 629 875 646 875 663 875 679 871 692 858 704 846 713 829 713 812 713 796 708 779 692 767L438 487 692 225C700 217 708 204 708 187 708 171 704 154 692 142 675 129 663 125 646 125Z\"><\/path><\/svg>\t\t\t\t\t<\/div>\n\t\t\t\t\t<div class=\"elementor-swiper-button elementor-swiper-button-next\" role=\"button\" tabindex=\"0\">\n\t\t\t\t\t\t<svg aria-hidden=\"true\" class=\"e-font-icon-svg e-eicon-chevron-right\" viewBox=\"0 0 1000 1000\" xmlns=\"http:\/\/www.w3.org\/2000\/svg\"><path d=\"M696 533C708 521 713 504 713 487 713 471 708 454 696 446L400 146C388 133 375 125 354 125 338 125 325 129 313 142 300 154 292 171 292 187 292 204 296 221 308 233L563 492 304 771C292 783 288 800 288 817 288 833 296 850 308 863 321 871 338 875 354 875 371 875 388 867 400 854L696 533Z\"><\/path><\/svg>\t\t\t\t\t<\/div>\n\t\t\t\t\n\t\t\t\t\t\t\t\t\t<\/div>\n\t\t\t\t\t\t<\/div>\n\t\t\t\t<\/div>\n\t\t\t\t\t<\/div>\n\t\t\t\t<\/div>\n\t\t<div class=\"elementor-element elementor-element-4848a84 e-flex e-con-boxed e-con e-parent\" data-id=\"4848a84\" data-element_type=\"container\" data-e-type=\"container\">\n\t\t\t\t\t<div class=\"e-con-inner\">\n\t\t\t\t<div class=\"elementor-element elementor-element-0ef9957 elementor-widget-divider--view-line elementor-widget elementor-widget-divider\" data-id=\"0ef9957\" data-element_type=\"widget\" data-e-type=\"widget\" data-widget_type=\"divider.default\">\n\t\t\t\t<div class=\"elementor-widget-container\">\n\t\t\t\t\t\t\t<div class=\"elementor-divider\">\n\t\t\t<span class=\"elementor-divider-separator\">\n\t\t\t\t\t\t<\/span>\n\t\t<\/div>\n\t\t\t\t\t\t<\/div>\n\t\t\t\t<\/div>\n\t\t\t\t\t<\/div>\n\t\t\t\t<\/div>\n\t\t<div class=\"elementor-element elementor-element-3cbd985 e-flex e-con-boxed e-con e-parent\" data-id=\"3cbd985\" data-element_type=\"container\" data-e-type=\"container\">\n\t\t\t\t\t<div class=\"e-con-inner\">\n\t\t<div class=\"elementor-element elementor-element-3b973b3 e-con-full e-flex e-con e-child\" data-id=\"3b973b3\" data-element_type=\"container\" data-e-type=\"container\">\n\t\t\t\t<div class=\"elementor-element elementor-element-62f4ab8 elementor-widget elementor-widget-heading\" data-id=\"62f4ab8\" data-element_type=\"widget\" data-e-type=\"widget\" data-widget_type=\"heading.default\">\n\t\t\t\t<div class=\"elementor-widget-container\">\n\t\t\t\t\t<h2 class=\"elementor-heading-title elementor-size-default\">Portfolio<\/h2>\t\t\t\t<\/div>\n\t\t\t\t<\/div>\n\t\t\t\t<\/div>\n\t\t\t\t\t<\/div>\n\t\t\t\t<\/div>\n\t\t<div class=\"elementor-element elementor-element-4ec238c e-flex e-con-boxed e-con e-parent\" data-id=\"4ec238c\" data-element_type=\"container\" data-e-type=\"container\">\n\t\t\t\t\t<div class=\"e-con-inner\">\n\t\t<div class=\"elementor-element elementor-element-6f52d5b e-con-full e-flex e-con e-child\" data-id=\"6f52d5b\" data-element_type=\"container\" data-e-type=\"container\">\n\t\t<div class=\"elementor-element elementor-element-0b22365 e-con-full e-flex e-con e-child\" data-id=\"0b22365\" data-element_type=\"container\" data-e-type=\"container\">\n\t\t\t\t<div class=\"elementor-element elementor-element-65c324a elementor-widget elementor-widget-image\" data-id=\"65c324a\" data-element_type=\"widget\" data-e-type=\"widget\" data-widget_type=\"image.default\">\n\t\t\t\t<div class=\"elementor-widget-container\">\n\t\t\t\t\t\t\t\t\t\t\t\t\t\t\t\t<a href=\"https:\/\/www.uniquewines.mx\/en\/our-brands\/spain\/rias-del-mar\/rias-del-mar-albarino\/\">\n\t\t\t\t\t\t\t<img decoding=\"async\" width=\"760\" height=\"1697\" data-src=\"https:\/\/www.uniquewines.mx\/wp-content\/uploads\/2025\/05\/bottle-shot-Rias-del-mar.png\" class=\"elementor-animation-grow attachment-medium_large size-medium_large wp-image-4597 lazyload\" alt=\"\" data-srcset=\"https:\/\/www.uniquewines.mx\/wp-content\/uploads\/2025\/05\/bottle-shot-Rias-del-mar.png 760w, https:\/\/www.uniquewines.mx\/wp-content\/uploads\/2025\/05\/bottle-shot-Rias-del-mar-134x300.png 134w, https:\/\/www.uniquewines.mx\/wp-content\/uploads\/2025\/05\/bottle-shot-Rias-del-mar-459x1024.png 459w, https:\/\/www.uniquewines.mx\/wp-content\/uploads\/2025\/05\/bottle-shot-Rias-del-mar-688x1536.png 688w\" data-sizes=\"(max-width: 760px) 100vw, 760px\" src=\"data:image\/svg+xml;base64,PHN2ZyB3aWR0aD0iMSIgaGVpZ2h0PSIxIiB4bWxucz0iaHR0cDovL3d3dy53My5vcmcvMjAwMC9zdmciPjwvc3ZnPg==\" style=\"--smush-placeholder-width: 760px; --smush-placeholder-aspect-ratio: 760\/1697;\" \/>\t\t\t\t\t\t\t\t<\/a>\n\t\t\t\t\t\t\t\t\t\t\t\t\t\t\t<\/div>\n\t\t\t\t<\/div>\n\t\t\t\t<div class=\"elementor-element elementor-element-8ea4352 elementor-widget elementor-widget-heading\" data-id=\"8ea4352\" data-element_type=\"widget\" data-e-type=\"widget\" data-widget_type=\"heading.default\">\n\t\t\t\t<div class=\"elementor-widget-container\">\n\t\t\t\t\t<h2 class=\"elementor-heading-title elementor-size-default\"><a href=\"https:\/\/www.uniquewines.mx\/en\/our-brands\/spain\/rias-del-mar\/rias-del-mar-albarino\/\">Rias del Mar Albari\u00f1o<\/a><\/h2>\t\t\t\t<\/div>\n\t\t\t\t<\/div>\n\t\t\t\t<\/div>\n\t\t\t\t<\/div>\n\t\t\t\t\t<\/div>\n\t\t\t\t<\/div>\n\t\t\t\t<\/div>\n\t\t","protected":false},"excerpt":{"rendered":"<p>WINES from Spain Rias del mar To the south of the province of Pontevedra, on this hill, overlooking the Mi\u00f1o River and close to the Atlantic Ocean, is the Rias del Mar Winery. It is the largest single-piece R\u00edas Baixas vineyard, with 94 hectares of enormous biodiversity facing south on the slope of Monte Galeno, [&hellip;]<\/p>\n","protected":false},"author":1,"featured_media":0,"parent":5288,"menu_order":0,"comment_status":"closed","ping_status":"closed","template":"","meta":{"footnotes":""},"class_list":["post-5382","page","type-page","status-publish","hentry"],"aioseo_notices":[],"_links":{"self":[{"href":"https:\/\/www.uniquewines.mx\/en\/wp-json\/wp\/v2\/pages\/5382","targetHints":{"allow":["GET"]}}],"collection":[{"href":"https:\/\/www.uniquewines.mx\/en\/wp-json\/wp\/v2\/pages"}],"about":[{"href":"https:\/\/www.uniquewines.mx\/en\/wp-json\/wp\/v2\/types\/page"}],"author":[{"embeddable":true,"href":"https:\/\/www.uniquewines.mx\/en\/wp-json\/wp\/v2\/users\/1"}],"replies":[{"embeddable":true,"href":"https:\/\/www.uniquewines.mx\/en\/wp-json\/wp\/v2\/comments?post=5382"}],"version-history":[{"count":5,"href":"https:\/\/www.uniquewines.mx\/en\/wp-json\/wp\/v2\/pages\/5382\/revisions"}],"predecessor-version":[{"id":5719,"href":"https:\/\/www.uniquewines.mx\/en\/wp-json\/wp\/v2\/pages\/5382\/revisions\/5719"}],"up":[{"embeddable":true,"href":"https:\/\/www.uniquewines.mx\/en\/wp-json\/wp\/v2\/pages\/5288"}],"wp:attachment":[{"href":"https:\/\/www.uniquewines.mx\/en\/wp-json\/wp\/v2\/media?parent=5382"}],"curies":[{"name":"wp","href":"https:\/\/api.w.org\/{rel}","templated":true}]}}